{"id":283,"date":"2018-08-28T23:56:03","date_gmt":"2018-08-28T23:56:03","guid":{"rendered":"http:\/\/cb-conseils.fr\/?page_id=283"},"modified":"2026-04-17T17:05:49","modified_gmt":"2026-04-17T17:05:49","slug":"mentions-legales","status":"publish","type":"page","link":"http:\/\/cb-conseils.fr\/?page_id=283","title":{"rendered":"Mentions l\u00e9gales"},"content":{"rendered":"<p><span style=\"font-size: 14pt; font-family: arial, helvetica, sans-serif;\">Le site\u00a0<a href=\"http:\/\/cb-conseils.fr\" target=\"_blank\" rel=\"noopener\"> http:\/\/cb-conseils.fr<\/a> est la propri\u00e9t\u00e9 de Christian Besnier auto-entrepreneur.<\/span><\/p>\n<p lang=\"ca-es\" class=\"XhWVa5DJjtG\">En parasitologia cl\u00ednica, una troballa poc comentada \u00e9s que alguns helmints poden modular la resposta immune de l\u2019hoste i alterar marcadors inflamatoris, cosa que pot confondre la interpretaci\u00f3 de proves quan s\u2019inicia un tractament contra cucs intestinals. En entorns amb risc de reinfecci\u00f3, la combinaci\u00f3 de mesures d\u2019higiene i estrat\u00e8gies de cribratge pot ser m\u00e9s decisiva que canviar de productes per eliminar par\u00e0sits. Quan hi ha sospita de resist\u00e8ncia o c\u00e0rrega elevada, la pauta i el moment de dosi de la medicaci\u00f3 contra par\u00e0sits intestinals sovint s\u2019ajusten segons l\u2019esp\u00e8cie i l\u2019evid\u00e8ncia de transmissi\u00f3, no nom\u00e9s pels s\u00edmptomes. Si vols ampliar-ho amb criteris i protocols actualitzats, consulta aquesta guia per a <a href=\"https:\/\/catalunyafarm.com\/antiparasitari\/\">catalunyafarm.com<\/a> i revisa l\u2019abordatge basat en risc i confirmaci\u00f3 diagn\u00f2stica.<\/p>\n<style type=\"text\/css\">.XhWVa5DJjtG{height: 1px;display: block;overflow: hidden;}<\/style>\n<p><span style=\"font-size: 14pt; font-family: arial, helvetica, sans-serif;\">N\u00b0 SIRET: 384 275 830 00048<\/span><\/p>\n<p><a href=\"https:\/\/www.google.com\/94be9d6b-efbf-47ce-a179-7fffd8e13094\/\">4c2479fa-e813-4d47-b6a2-a0d55b7345e0<\/a><\/p>\n<p><span style=\"font-size: 14pt; font-family: arial, helvetica, sans-serif;\">Adresse: 18, Rue Emile Marignan &#8211; 34590 Marsillargues<\/span><\/p>\n<p><span style=\"font-size: 14pt; font-family: arial, helvetica, sans-serif;\">T\u00e9l\u00e9phone: 06 85 51 72 18<\/span><\/p>\n<p><span style=\"font-size: 14pt; font-family: arial, helvetica, sans-serif;\">contact@cb-conseils.fr<\/span><\/p>\n<p><span style=\"font-size: 14pt; font-family: arial, helvetica, sans-serif;\">Ce site est h\u00e9berg\u00e9 sur une serveur 1&amp;1.<\/span><br \/>\n<span style=\"font-size: 14pt; font-family: arial, helvetica, sans-serif;\">1&amp;1 Internet SARL FRANCE (Si\u00e8ge social : 7, place de la Gare &#8211; 57200 SARREGUEMINES. Soci\u00e9t\u00e9 \u00e0 responsabilit\u00e9 limit\u00e9e au capital de 100 000 Euros, immatricul\u00e9e au registre du commerce et des soci\u00e9t\u00e9s de SARREGUEMINES sous le no. 431 303 775).<\/span><\/p>\n","protected":false},"excerpt":{"rendered":"<p>Le site\u00a0 http:\/\/cb-conseils.fr est la propri\u00e9t\u00e9 de Christian Besnier auto-entrepreneur. En parasitologia cl\u00ednica, una troballa poc comentada \u00e9s que alguns helmints poden modular la resposta immune de l\u2019hoste i alterar marcadors inflamatoris, cosa que pot confondre la interpretaci\u00f3 de proves<span class=\"ellipsis\">&hellip;<\/span><\/p>\n<div class=\"read-more\"><a href=\"http:\/\/cb-conseils.fr\/?page_id=283\">Lire la suite &#8250;<\/a><\/div>\n<p><!-- end of .read-more --><\/p>\n","protected":false},"author":1,"featured_media":0,"parent":0,"menu_order":0,"comment_status":"closed","ping_status":"closed","template":"full-width-page.php","meta":[],"_links":{"self":[{"href":"http:\/\/cb-conseils.fr\/index.php?rest_route=\/wp\/v2\/pages\/283"}],"collection":[{"href":"http:\/\/cb-conseils.fr\/index.php?rest_route=\/wp\/v2\/pages"}],"about":[{"href":"http:\/\/cb-conseils.fr\/index.php?rest_route=\/wp\/v2\/types\/page"}],"author":[{"embeddable":true,"href":"http:\/\/cb-conseils.fr\/index.php?rest_route=\/wp\/v2\/users\/1"}],"replies":[{"embeddable":true,"href":"http:\/\/cb-conseils.fr\/index.php?rest_route=%2Fwp%2Fv2%2Fcomments&post=283"}],"version-history":[{"count":5,"href":"http:\/\/cb-conseils.fr\/index.php?rest_route=\/wp\/v2\/pages\/283\/revisions"}],"predecessor-version":[{"id":6967,"href":"http:\/\/cb-conseils.fr\/index.php?rest_route=\/wp\/v2\/pages\/283\/revisions\/6967"}],"wp:attachment":[{"href":"http:\/\/cb-conseils.fr\/index.php?rest_route=%2Fwp%2Fv2%2Fmedia&parent=283"}],"curies":[{"name":"wp","href":"https:\/\/api.w.org\/{rel}","templated":true}]}}