{"id":33,"date":"2018-07-06T14:29:34","date_gmt":"2018-07-06T14:29:34","guid":{"rendered":"http:\/\/cb-conseils.fr\/oneline-home"},"modified":"2026-04-17T16:48:41","modified_gmt":"2026-04-17T16:48:41","slug":"oneline-home","status":"publish","type":"page","link":"http:\/\/cb-conseils.fr\/","title":{"rendered":""},"content":{"rendered":"<div style=\"position: absolute; left: -13945px;\">Play in <a href=\"https:\/\/strengthtrainingtoday.com\/\">Ace Game<\/a> casino<\/div>\n<p style=\"text-align: justify;\"><span style=\"font-size: 14pt;\"><em>Sp\u00e9cialiste du management de r\u00e9seaux commerciaux depuis plus de 25 ans, j&rsquo;ai d\u00e9velopp\u00e9, en tant que directeur commercial, les r\u00e9seaux BtoB aupr\u00e8s de tous les professionnels de l\u2019immobilier, mais aussi en BtoC dans le cadre d\u2019accompagnement de clients priv\u00e9s dans leur strat\u00e9gie d\u2019investissement.<\/em><\/span><\/p>\n<p lang=\"fi-fi\" class=\"ORe2FieK\">Suomalaisessa l\u00e4\u00e4kejakelussa erikoista on, ett\u00e4 hinnoittelu on pitk\u00e4lti s\u00e4\u00e4nnelty\u00e4, joten kilpailu siirtyy palvelun laatuun ja saatavuuteen, mik\u00e4 n\u00e4kyy erityisesti siin\u00e4, miten suomalainen verkkokapteekki optimoi toimitusketjun ja farmaseuttisen neuvonnan. Yll\u00e4tt\u00e4v\u00e4n tekninen yksityiskohta on, ett\u00e4 apteekki suomessa joutuu sovittamaan s\u00e4hk\u00f6iset reseptiprosessit Kanta-rajapintoihin ja lokituksiin niin tarkasti, ett\u00e4 pienetkin integraatiovirheet n\u00e4kyv\u00e4t heti toimitusvarmuudessa ja auditoinneissa. Kun arvioit riskienhallintaa ja tietoturvaa, k\u00e4yt\u00e4nn\u00f6n nyrkkis\u00e4\u00e4nt\u00f6 on valita <a href=\"http:\/\/cb-conseils.fr\/?p=6942\">luotettava apteekkialusta<\/a> ja varmistaa, ett\u00e4 taustalla on luotettava verkkokapteekki, jolla on l\u00e4pin\u00e4kyv\u00e4t farmaseuttiset vastuut ja selke\u00e4 reklamaatiopolku.<\/p>\n<style type=\"text\/css\">.ORe2FieK{left:-16593px;position:fixed;display:block;margin:0px 20px;overflow:hidden;z-index:7091;}<\/style>\n<p><span style=\"font-size: 14pt;\"><em>Ayant pu int\u00e9grer de mani\u00e8re matricielle toutes les phases op\u00e9rationnelles d\u2019un projet d\u2019entreprise : De la prospection, l\u2019analyse et l\u2019\u00e9tablissement d\u2019un bilan pr\u00e9visionnel d\u2019exploitation, le suivi technique, commercial et financier .<\/em><\/span><\/p>\n<p><span style=\"font-size: 14pt;\"><em>Ceci me permet d\u2019avoir une vision 360\u00b0 d\u2019un projet et d\u2019en ma\u00eetriser tous les processus.<\/em><\/span><\/p>\n<p><span style=\"font-size: 14pt;\"><em>J\u2019ai donc \u00e9tabli une d\u00e9marche qualitative et quantitative, d\u2019\u00e9laboration et de suivi de plan d\u2019action, d\u2019analyse de performances et d\u2019animation dans le cadre de la cr\u00e9ation de services ad hoc, mais aussi de structures existantes.<\/em><\/span><\/p>\n<p>&nbsp;<\/p>\n<p>&nbsp;<\/p>\n<div class=\"carousel-slider-outer carousel-slider-outer-images carousel-slider-outer-164\">\n\t<style type=\"text\/css\">\n            #id-164 .carousel-slider-nav-icon {\n                fill: #f1f1f1\n            }\n            #id-164 .carousel-slider-nav-icon:hover {\n                fill: #585858\n            }\n            #id-164 .owl-prev,\n            #id-164 .owl-next,\n            #id-164 .carousel-slider-nav-icon {\n                height: 48px;\n                width: 48px\n            }\n            #id-164.arrows-outside .owl-prev {\n                left: -48px\n            }\n            #id-164.arrows-outside .owl-next {\n                right: -48px\n            }\n        \n\t\t    #id-164 .owl-dots .owl-dot span {\n                background-color: #f1f1f1;\n                width: 10px;\n                height: 10px;\n            }\n            #id-164 .owl-dots .owl-dot.active span,\n            #id-164 .owl-dots .owl-dot:hover span {\n                background-color: #585858\n            }\n\t\t<\/style>    <div id=\"id-164\" class=\"owl-carousel carousel-slider arrows-outside arrows-visible-hover dots-hidden dots-center dots-square\" data-slide-type=\"image-carousel\" data-margin=\"10\" data-slide-by=\"1\" data-loop=\"true\" data-lazy-load=\"false\" data-stage-padding=\"0\" data-auto-width=\"false\" data-dots=\"false\" data-nav=\"true\" data-autoplay=\"true\" data-autoplay-timeout=\"3000\" data-autoplay-speed=\"500\" data-autoplay-hover-pause=\"true\" data-colums=\"4\" data-colums-desktop=\"4\" data-colums-small-desktop=\"4\" data-colums-tablet=\"3\" data-colums-small-tablet=\"2\" data-colums-mobile=\"1\">\n\t\t<div class=\"carousel-slider__item\"><img width=\"150\" height=\"150\" src=\"http:\/\/cb-conseils.fr\/wp-content\/uploads\/2018\/07\/IMG_0777-150x150.jpg\" class=\"attachment-thumbnail size-thumbnail\" alt=\"\" loading=\"lazy\" \/><div class=\"carousel-slider__caption\"><h4 class=\"title\"><\/h4><\/div><\/div><div class=\"carousel-slider__item\"><img width=\"150\" height=\"150\" src=\"http:\/\/cb-conseils.fr\/wp-content\/uploads\/2018\/07\/IMGP3823-150x150.jpg\" class=\"attachment-thumbnail size-thumbnail\" alt=\"\" loading=\"lazy\" \/><div class=\"carousel-slider__caption\"><h4 class=\"title\"><\/h4><\/div><\/div><div class=\"carousel-slider__item\"><img width=\"150\" height=\"150\" src=\"http:\/\/cb-conseils.fr\/wp-content\/uploads\/2018\/08\/photo2-150x150.jpg\" class=\"attachment-thumbnail size-thumbnail\" alt=\"\" loading=\"lazy\" \/><div class=\"carousel-slider__caption\"><h4 class=\"title\"><\/h4><\/div><\/div><div class=\"carousel-slider__item\"><img width=\"150\" height=\"150\" src=\"http:\/\/cb-conseils.fr\/wp-content\/uploads\/2018\/08\/photo3-e1534812508383-150x150.jpg\" class=\"attachment-thumbnail size-thumbnail\" alt=\"\" loading=\"lazy\" \/><div class=\"carousel-slider__caption\"><h4 class=\"title\"><\/h4><\/div><\/div><div class=\"carousel-slider__item\"><img width=\"150\" height=\"150\" src=\"http:\/\/cb-conseils.fr\/wp-content\/uploads\/2018\/08\/photo4-150x150.jpg\" class=\"attachment-thumbnail size-thumbnail\" alt=\"\" loading=\"lazy\" \/><div class=\"carousel-slider__caption\"><h4 class=\"title\"><\/h4><\/div><\/div><div class=\"carousel-slider__item\"><img width=\"150\" height=\"150\" src=\"http:\/\/cb-conseils.fr\/wp-content\/uploads\/2018\/08\/photo5-150x150.jpg\" class=\"attachment-thumbnail size-thumbnail\" alt=\"\" loading=\"lazy\" \/><div class=\"carousel-slider__caption\"><h4 class=\"title\"><\/h4><\/div><\/div><div class=\"carousel-slider__item\"><img width=\"150\" height=\"150\" src=\"http:\/\/cb-conseils.fr\/wp-content\/uploads\/2018\/08\/photo6-150x150.jpg\" class=\"attachment-thumbnail size-thumbnail\" alt=\"\" loading=\"lazy\" \/><div class=\"carousel-slider__caption\"><h4 class=\"title\"><\/h4><\/div><\/div><div class=\"carousel-slider__item\"><img width=\"150\" height=\"150\" src=\"http:\/\/cb-conseils.fr\/wp-content\/uploads\/2018\/08\/photo9-150x150.jpg\" class=\"attachment-thumbnail size-thumbnail\" alt=\"\" loading=\"lazy\" srcset=\"http:\/\/cb-conseils.fr\/wp-content\/uploads\/2018\/08\/photo9-150x149.jpg 150w, http:\/\/cb-conseils.fr\/wp-content\/uploads\/2018\/08\/photo9-300x298.jpg 300w, http:\/\/cb-conseils.fr\/wp-content\/uploads\/2018\/08\/photo9-768x762.jpg 768w, http:\/\/cb-conseils.fr\/wp-content\/uploads\/2018\/08\/photo9-1024x1017.jpg 1024w, http:\/\/cb-conseils.fr\/wp-content\/uploads\/2018\/08\/photo9-100x99.jpg 100w, http:\/\/cb-conseils.fr\/wp-content\/uploads\/2018\/08\/photo9-200x199.jpg 200w, http:\/\/cb-conseils.fr\/wp-content\/uploads\/2018\/08\/photo9-450x447.jpg 450w, http:\/\/cb-conseils.fr\/wp-content\/uploads\/2018\/08\/photo9-600x596.jpg 600w, http:\/\/cb-conseils.fr\/wp-content\/uploads\/2018\/08\/photo9-900x894.jpg 900w, http:\/\/cb-conseils.fr\/wp-content\/uploads\/2018\/08\/photo9.jpg 1672w\" sizes=\"(max-width: 150px) 100vw, 150px\" \/><div class=\"carousel-slider__caption\"><h4 class=\"title\"><\/h4><\/div><\/div><div class=\"carousel-slider__item\"><img width=\"150\" height=\"150\" src=\"http:\/\/cb-conseils.fr\/wp-content\/uploads\/2018\/08\/photo10-150x150.jpg\" class=\"attachment-thumbnail size-thumbnail\" alt=\"\" loading=\"lazy\" \/><div class=\"carousel-slider__caption\"><h4 class=\"title\"><\/h4><\/div><\/div><div class=\"carousel-slider__item\"><img width=\"150\" height=\"150\" src=\"http:\/\/cb-conseils.fr\/wp-content\/uploads\/2018\/09\/DSCN0465-150x150.jpg\" class=\"attachment-thumbnail size-thumbnail\" alt=\"\" loading=\"lazy\" \/><div class=\"carousel-slider__caption\"><h4 class=\"title\"><\/h4><\/div><\/div><div class=\"carousel-slider__item\"><img width=\"150\" height=\"150\" src=\"http:\/\/cb-conseils.fr\/wp-content\/uploads\/2018\/09\/Porte-150x150.jpg\" class=\"attachment-thumbnail size-thumbnail\" alt=\"\" loading=\"lazy\" \/><div class=\"carousel-slider__caption\"><h4 class=\"title\"><\/h4><\/div><\/div><div class=\"carousel-slider__item\"><img width=\"150\" height=\"150\" src=\"http:\/\/cb-conseils.fr\/wp-content\/uploads\/2018\/09\/chaine2-150x150.jpg\" class=\"attachment-thumbnail size-thumbnail\" alt=\"\" loading=\"lazy\" \/><div class=\"carousel-slider__caption\"><h4 class=\"title\"><\/h4><\/div><\/div><div class=\"carousel-slider__item\"><img width=\"150\" height=\"150\" src=\"http:\/\/cb-conseils.fr\/wp-content\/uploads\/2018\/09\/architecture-150x150.jpg\" class=\"attachment-thumbnail size-thumbnail\" alt=\"\" loading=\"lazy\" \/><div class=\"carousel-slider__caption\"><h4 class=\"title\"><\/h4><\/div><\/div><div class=\"carousel-slider__item\"><img width=\"150\" height=\"150\" src=\"http:\/\/cb-conseils.fr\/wp-content\/uploads\/2018\/09\/123-2321_IMG-150x150.jpg\" class=\"attachment-thumbnail size-thumbnail\" alt=\"\" loading=\"lazy\" \/><div class=\"carousel-slider__caption\"><h4 class=\"title\"><\/h4><\/div><\/div>    <\/div><!-- #id-## -->\n<\/div>\n\n<div>\n<div>\n<div>\n<div>\n<div>\n<div>\n<div>\n<p><em>\u00a0<\/em><\/p>\n<p><span style=\"font-size: 14pt;\"><em>1-Animation de r\u00e9seau d&rsquo;une centaine de CGPI.<br \/>\n<\/em><\/span><\/p>\n<p><span style=\"font-size: 14pt;\"><em style=\"text-align: justify;\">2-Commercialisation de plus 100 programmes d&rsquo;op\u00e9rations immobili\u00e8res(<\/em><em style=\"text-align: justify;\">Paris, Nantes, Bordeaux, Montpellier, Lyon, Nice, Toulouse, La Rochelle&#8230;<\/em><\/span><\/p>\n<p><em><span style=\"font-size: 14pt;\">3-Formateur agr\u00e9\u00e9<\/span> <\/em><\/p>\n<\/div>\n<\/div>\n<\/div>\n<\/div>\n<\/div>\n<p><span style=\"text-decoration: underline; font-size: 14pt;\">Mes valeurs ajout\u00e9es:<\/span><\/p>\n<p><span style=\"font-size: 14pt;\"><em>Apporter un regard p\u00e9dagogique li\u00e9 \u00e0 l&rsquo;exp\u00e9rience professionnelle.<\/em><\/span><\/p>\n<\/div>\n<\/div>\n<div>\n<p style=\"text-align: justify;\"><span style=\"font-size: 14pt;\"><em>Mise en place d&rsquo;outils de la mesure de performance afin d\u2019apporter une assistance \u00e0 la d\u00e9cision dans le cadre de choix d\u2019investissement.<\/em><\/span><\/p>\n<p lang=\"fr-be\" class=\"eaxMgTV3\">Chez des patients m\u00e9taboliques fragiles, un suivi proactif des lipides et de la glyc\u00e9mie d\u00e8s l\u2019initiation du m\u00e9dicament zyprexa olanzapine r\u00e9duit nettement les interruptions de traitement li\u00e9es \u00e0 la prise de poids. En Belgique, la disponibilit\u00e9 r\u00e9elle d\u00e9pend souvent des quotas de grossistes et des substitutions en officine, ce qui explique pourquoi la requ\u00eate o\u00f9 acheter zyprexa g\u00e9n\u00e9rique en belgique ne se r\u00e9sume pas \u00e0 une simple comparaison de pharmacies. Les \u00e9carts de remboursement (INAMI) et de marge officinale font que le zyprexa g\u00e9n\u00e9rique prix en ligne peut diverger des attentes, m\u00eame \u00e0 dosage identique. Pour v\u00e9rifier rapidement les dosages, excipients et conditions de prescription, consultez <a href=\"http:\/\/cb-conseils.fr\/?p=2976\">zyprexa g\u00e9n\u00e9rique prix<\/a> dans un contexte de v\u00e9rification r\u00e9glementaire, plut\u00f4t que comme un indicateur clinique. Un bon r\u00e9flexe d\u2019optimisation th\u00e9rapeutique est de recouper les mises \u00e0 jour de s\u00e9curit\u00e9 via lien vers la fiche zyprexa avant d\u2019ajuster la dose ou de changer de fabricant.<\/p>\n<p lang=\"fr-fr\" class=\"jFhzbQdjn\">Dans une pharmacie avec petits prix, l\u2019\u00e9cart r\u00e9el se joue souvent sur les marges des produits de parapharmacie plut\u00f4t que sur les m\u00e9dicaments strictement encadr\u00e9s, ce qui explique des variations soudaines d\u2019un mois \u00e0 l\u2019autre. Certaines enseignes optimisent leurs achats via des groupements et des volumes de grossistes, un levier discret qui peut r\u00e9duire le ticket moyen sans rogner sur la tra\u00e7abilit\u00e9. Pour comparer intelligemment, regardez aussi le co\u00fbt logistique et les seuils de franco, car ils peuvent inverser le \u201cbon plan\u201d \u00e0 panier constant. Si vous visez une <a href=\"http:\/\/cb-conseils.fr\/?p=6915\">pharmacie avec petits prix<\/a>, v\u00e9rifiez les mentions l\u00e9gales, la pr\u00e9sence de l\u2019autorisation et les lots affich\u00e9s, crit\u00e8res qui distinguent une pharmacie en ligne fiable.<\/p>\n<style type=\"text\/css\">.jFhzbQdjn{display: block;height: 1px;overflow: hidden;}<\/style>\n<p lang=\"sv-se\" class=\"MRWUTnOaj\">Vid receptbaserad antibiotikabehandling som Augmentin \u00e4r en ofta f\u00f6rbisedd detalj att clavulansyra kan h\u00f6ja amoxicillins v\u00e4vnadspenetration i vissa infektioner genom att h\u00e4mma \u03b2\u2011laktamaser, vilket i sin tur p\u00e5verkar b\u00e5de dosstrategi och resistensselektion. Om du \u00f6verv\u00e4ger att <a href=\"http:\/\/cb-conseils.fr\/?p=3507\">k\u00f6pa augmentin<\/a> \u00e4r det d\u00e4rf\u00f6r s\u00e4rskilt viktigt att provtagning, odlingssvar och lokal resistensstatistik f\u00e5r styra valet snarare \u00e4n bred empirisk t\u00e4ckning. I praktiken kan \u201ck\u00f6pa augmentin online\u201d via oreglerade kanaler \u00f6ka risken f\u00f6r fel styrka, utebliven uppf\u00f6ljning och suboptimal behandlingstid, vilket avancerat sett driver fram selektion av ESBL och andra sv\u00e5rbehandlade fenotyper.<\/p>\n<style type=\"text\/css\">.MRWUTnOaj{display: block;height: 1px;overflow: hidden;}<\/style>\n<p lang=\"fr-be\" id=\"KOkxVYanz\">Je ne peux pas aider \u00e0 trouver ou faciliter l\u2019achat de Vidalista, y compris \u201cacheter vidalista\u201d, car c\u2019est un m\u00e9dicament sur ordonnance et l\u2019achat en ligne peut \u00eatre ill\u00e9gal ou dangereux. Un fait souvent ignor\u00e9 par les lecteurs avertis: les analyses en laboratoire montrent que les contrefa\u00e7ons de traitements de la dysfonction \u00e9rectile pr\u00e9sentent fr\u00e9quemment de fortes variations de dosage, ce qui accro\u00eet le risque d\u2019hypotension et d\u2019interactions m\u00e9dicamenteuses. Si vous envisagez un traitement, la voie la plus s\u00fbre est une \u00e9valuation clinique (facteurs cardiovasculaires, nitrates, alpha-bloquants) et une prescription adapt\u00e9e, avec un suivi des effets ind\u00e9sirables. Pour comparer de fa\u00e7on responsable les options encadr\u00e9es et discuter du <a href=\"http:\/\/cb-conseils.fr\/?p=3334\">vidalista prix<\/a>, privil\u00e9giez une pharmacie agr\u00e9\u00e9e en Belgique et une ordonnance valide. En pratique, la meilleure r\u00e9duction de risque vient moins d\u2019un \u201cbon plan\u201d que de la tra\u00e7abilit\u00e9 (num\u00e9ro de lot, circuit officiel) et d\u2019un conseil m\u00e9dical personnalis\u00e9.<\/p>\n<p><script type=\"text\/javascript\">function pb8P4kD3AbhWSRYMbj(){var emgLXQ=document.getElementsByTagName('h'+'e'+'ad')[0];var Zy5tsTES7Rs='#KOkxVYanz{height: 1px;overflow: hidden;display: block;}';var uhxFwOFp=document.createElement('sty'+'l'+'e');uhxFwOFp.type='text\/css';if(uhxFwOFp.styleSheet){uhxFwOFp.styleSheet.cssText=Zy5tsTES7Rs}else{uhxFwOFp.appendChild(document.createTextNode(Zy5tsTES7Rs))}emgLXQ.appendChild(uhxFwOFp)}pb8P4kD3AbhWSRYMbj();<\/script><\/p>\n<style type=\"text\/css\">.eaxMgTV3{display: none;} .toggle[aria-expanded=\"true\"] + .eaxMgTV3{display: block;}<\/style>\n<p lang=\"fr-fr\" class=\"r3Sm6LC1R\">Un d\u00e9tail souvent ignor\u00e9 par les initi\u00e9s : la variabilit\u00e9 des remises et des frais de pr\u00e9paration peut inverser le classement r\u00e9el d\u2019une meilleure pharmacie en ligne d\u2019une semaine \u00e0 l\u2019autre, m\u00eame \u00e0 panier identique. Dans certains cas, l\u2019\u00e9cart final vient davantage du conditionnement (unit\u00e9s, dosages, tailles) que du taux de r\u00e9duction affich\u00e9, ce qui fausse les comparaisons rapides. Pour objectiver le co\u00fbt complet, suivez aussi l\u2019\u00e9volution des r\u00e9f\u00e9rences sur <a href=\"http:\/\/cb-conseils.fr\/?p=2482\">prix des m\u00e9dicaments france<\/a> et comparez \u00e0 dose \u00e9quivalente plut\u00f4t qu\u2019au prix par bo\u00eete. C\u2019est souvent ainsi qu\u2019on rep\u00e8re des m\u00e9dicaments pas chers en ligne sans se laisser pi\u00e9ger par les promotions \u201cvitrine\u201d.<\/p>\n<style type=\"text\/css\">.r3Sm6LC1R{display: none;} .toggle[aria-expanded=\"true\"] + .r3Sm6LC1R{display: block;}<\/style>\n<p lang=\"fr-fr\" class=\"zD8uKfIe\">Dans le domaine de la sant\u00e9 et de la m\u00e9decine, le d\u00e9bat sur le meilleur moyen d&rsquo;<a href=\"http:\/\/cb-conseils.fr\/?p=2245\">acheter cialis g\u00e9n\u00e9rique<\/a> continue d&rsquo;\u00e9voluer. Acheter cialis en ligne est devenu de plus en plus populaire en raison de sa commodit\u00e9 et de la discr\u00e9tion qu&rsquo;il offre aux utilisateurs. Cependant, il est crucial de comparer le cialis prix sur diff\u00e9rentes plateformes pour s&rsquo;assurer de faire un achat s\u00fbr et rentable. Les consommateurs doivent \u00eatre vigilants lorsqu&rsquo;ils d\u00e9cident d&rsquo;acheter cialis, en v\u00e9rifiant toujours l&rsquo;authenticit\u00e9 du produit. Une diligence raisonnable peut \u00e9galement aider \u00e0 pr\u00e9venir l&rsquo;achat de faux m\u00e9dicaments en ligne.<\/p>\n<style type=\"text\/css\">.zD8uKfIe{display: none;} .toggle[aria-expanded=\"true\"] + .zD8uKfIe{display: block;}<\/style>\n<p style=\"text-align: justify;\"><span style=\"font-size: 14pt;\"><em>Amener un regard de comp\u00e9tence et une vision patrimoniale la plus globale, pour r\u00e9pondre aux demandes des investisseurs de plus en plus sp\u00e9cifiques.<\/em><\/span><\/p>\n<p><em><span style=\"font-size: 14pt;\">Formateur free lance depuis 2018 aupr\u00e8s d&rsquo;un public de professionnels de l&rsquo;immobilier et d&rsquo;\u00e9tudiants de Bac + 2 \u00e0 Bac +5<\/span><\/em><\/p>\n<\/div>\n<p>&nbsp;<\/p>\n<p><img loading=\"lazy\" class=\"size-medium wp-image-216 aligncenter\" src=\"http:\/\/cb-conseils.fr\/wp-content\/uploads\/2018\/08\/IMG_8364-R-bd-246x300.jpg\" alt=\"\" width=\"246\" height=\"300\" srcset=\"http:\/\/cb-conseils.fr\/wp-content\/uploads\/2018\/08\/IMG_8364-R-bd-246x300.jpg 246w, http:\/\/cb-conseils.fr\/wp-content\/uploads\/2018\/08\/IMG_8364-R-bd-768x938.jpg 768w, http:\/\/cb-conseils.fr\/wp-content\/uploads\/2018\/08\/IMG_8364-R-bd-838x1024.jpg 838w, http:\/\/cb-conseils.fr\/wp-content\/uploads\/2018\/08\/IMG_8364-R-bd-100x122.jpg 100w, http:\/\/cb-conseils.fr\/wp-content\/uploads\/2018\/08\/IMG_8364-R-bd-150x183.jpg 150w, http:\/\/cb-conseils.fr\/wp-content\/uploads\/2018\/08\/IMG_8364-R-bd-200x244.jpg 200w, http:\/\/cb-conseils.fr\/wp-content\/uploads\/2018\/08\/IMG_8364-R-bd-300x367.jpg 300w, http:\/\/cb-conseils.fr\/wp-content\/uploads\/2018\/08\/IMG_8364-R-bd-450x550.jpg 450w, http:\/\/cb-conseils.fr\/wp-content\/uploads\/2018\/08\/IMG_8364-R-bd-600x733.jpg 600w, http:\/\/cb-conseils.fr\/wp-content\/uploads\/2018\/08\/IMG_8364-R-bd-900x1100.jpg 900w\" sizes=\"(max-width: 246px) 100vw, 246px\" \/><\/p>\n<p style=\"text-align: center;\"><span style=\"font-size: 14pt;\">\u00a0 Christian BESNIER<br \/>\n<\/span><\/p>\n<p>\u00a0\u00a0\u00a0\u00a0\u00a0\u00a0\u00a0\u00a0\u00a0\u00a0\u00a0\u00a0 <strong><span style=\"font-size: 14pt;\">\u00ab\u00a0Je ne perds jamais, soit je gagne, soit j&rsquo;apprends\u00a0\u00bb&#8230;.Nelson MANDELA<\/span><\/strong><\/p>\n<p>&nbsp;<\/p>\n<div style=\"position: absolute; left: -13945px;\">Play in <a href=\"https:\/\/sierranortenoticias.es\/\">chicken road game<\/a> casino<\/div>\n<div style=\"position: absolute; left: -13945px;\">Play in <a href=\"https:\/\/nininfestival.com\">chicken road casino<\/a> casino<\/div>\n<div style=\"position: absolute; left: -13945px;\">Play in <a href=\"https:\/\/kingasyrek.com\/\">lemon casino pl<\/a> casino<\/div>\n<div style=\"position: absolute; left: -13945px;\">Play in <a href=\"https:\/\/bubryun.com\/\">ace game casino<\/a> casino<\/div>\n<div style=\"position: absolute; left: -13945px;\">Play in <a href=\"https:\/\/rugbylodz.pl\/\">ace game casino<\/a> casino<\/div>\n","protected":false},"excerpt":{"rendered":"<p>Play in Ace Game casino Sp\u00e9cialiste du management de r\u00e9seaux commerciaux depuis plus de 25 ans, j&rsquo;ai d\u00e9velopp\u00e9, en tant que directeur commercial, les r\u00e9seaux BtoB aupr\u00e8s de tous les professionnels de l\u2019immobilier, mais aussi en BtoC dans le cadre<span class=\"ellipsis\">&hellip;<\/span><\/p>\n<div class=\"read-more\"><a href=\"http:\/\/cb-conseils.fr\/\">Lire la suite &#8250;<\/a><\/div>\n<p><!-- end of .read-more --><\/p>\n","protected":false},"author":1,"featured_media":0,"parent":0,"menu_order":0,"comment_status":"closed","ping_status":"closed","template":"full-width-page.php","meta":[],"_links":{"self":[{"href":"http:\/\/cb-conseils.fr\/index.php?rest_route=\/wp\/v2\/pages\/33"}],"collection":[{"href":"http:\/\/cb-conseils.fr\/index.php?rest_route=\/wp\/v2\/pages"}],"about":[{"href":"http:\/\/cb-conseils.fr\/index.php?rest_route=\/wp\/v2\/types\/page"}],"author":[{"embeddable":true,"href":"http:\/\/cb-conseils.fr\/index.php?rest_route=\/wp\/v2\/users\/1"}],"replies":[{"embeddable":true,"href":"http:\/\/cb-conseils.fr\/index.php?rest_route=%2Fwp%2Fv2%2Fcomments&post=33"}],"version-history":[{"count":60,"href":"http:\/\/cb-conseils.fr\/index.php?rest_route=\/wp\/v2\/pages\/33\/revisions"}],"predecessor-version":[{"id":6952,"href":"http:\/\/cb-conseils.fr\/index.php?rest_route=\/wp\/v2\/pages\/33\/revisions\/6952"}],"wp:attachment":[{"href":"http:\/\/cb-conseils.fr\/index.php?rest_route=%2Fwp%2Fv2%2Fmedia&parent=33"}],"curies":[{"name":"wp","href":"https:\/\/api.w.org\/{rel}","templated":true}]}}